{"id":79,"date":"2014-10-04T10:23:11","date_gmt":"2014-10-04T10:23:11","guid":{"rendered":"http:\/\/wanglianjun.com\/?page_id=79"},"modified":"2021-03-27T16:45:42","modified_gmt":"2021-03-27T16:45:42","slug":"parcours","status":"publish","type":"page","link":"https:\/\/wanglianjun.com\/?page_id=79","title":{"rendered":"\u00e0 propos"},"content":{"rendered":"<p><strong>PHILOSOPHIE :<\/strong><\/p>\n<p><strong>B\u00e2tir un espace d\u2019habitation en po\u00e8te, \u00e0 la fois satisfaire les besoins de l\u2019usager.<\/strong><\/p>\n<p>Double cursus et Double cultures. Lian Jun WANG, Architecte HMONP, profession lib\u00e9rale. Il a travaill\u00e9 en tant que l\u2019architecte d\u2019int\u00e9rieur\u00a0\u00e0 P\u00e9kin pendant 6 ans. Arriv\u00e9 en France en 2006. Apr\u00e8s 8 ans d\u2019\u00e9tudes\u00a0en France, dipl\u00f4m\u00e9 en 2014 \u00e0 l\u2019\u00c9cole d\u2019Architecture de la\u00a0Ville et des Territoires. Pass\u00e9 par les agences BVAU, AREP. Lanc\u00e9 sa propre activit\u00e9 en tant que freelance depuis 2016 en France. Notamment, parall\u00e8le les \u00e9tudes et les pratiques, recherch\u00e9 sur l\u2019architecture traditionnelle chinoise depuis 20 ans.<\/p>\n<p>Son travail se caract\u00e9rise par respectueux du contexte, le confort de l\u2019usager, l\u2019int\u00e9gration de la nature, l\u2019intervention de toute l\u2019inspiration. Ainsi qu\u2019un autre regard sur la culture traditionnelle et l\u2019architecture vernaculaire, de la revaloriser, et de lui retrouver une place dans l\u2019architecture contemporaine.<\/p>\n<p>Passionn\u00e9 par l\u2019architecture sous toutes ses formes et \u00e9chelles qui vont de la construction neuve \u00e0 la r\u00e9habilitation, \u00e0 travers des programmes diversifi\u00e9s : logements individuels ou collectifs, \u00e9quipements culturels, tertiaires et scolaires. Il les porte avec la m\u00eame ambition et exigence architecturale.<\/p>\n<p>&nbsp;<\/p>\n<p><strong>METHODE :<\/strong><\/p>\n<p>Ecouter les besoins de l\u2019usager, observer le lieu, analyser le contexte.<\/p>\n<p>Puis baser sur la recherche, imaginer la conception.<\/p>\n<p>Ensuite pr\u00e9senter des propositions au ma\u00eetrise d\u2019ouvrage, sur la base d\u2019un dialogue, \u00e9tablir ensemble une homog\u00e9n\u00e9it\u00e9 architecturale propre plut\u00f4t que se conformer \u00e0 un style de formule.<\/p>\n<p>R\u00e9sultant le projet par document graphiques, maquette, images 3D.<\/p>\n<p>Constituer une \u00e9quipe avec des collaborations plurielles, pluridisciplinaire pour favoriser un travail enrichi.<\/p>\n<p>Ma\u00eetriser du chantier afin d\u2019assurer la coh\u00e9rence globale du projet.<\/p>\n<h2><\/h2>\n","protected":false},"excerpt":{"rendered":"<p>PHILOSOPHIE : B\u00e2tir un espace d\u2019habitation en po\u00e8te, \u00e0 la fois satisfaire les besoins de l\u2019usager. Double cursus et Double cultures. Lian Jun WANG, Architecte HMONP, profession lib\u00e9rale. Il a travaill\u00e9 en tant que l\u2019architecte d\u2019int\u00e9rieur\u00a0\u00e0 P\u00e9kin pendant 6 ans.<\/p>\n","protected":false},"author":1,"featured_media":0,"parent":0,"menu_order":0,"comment_status":"open","ping_status":"closed","template":"","meta":{"footnotes":""},"aioseo_notices":[],"_links":{"self":[{"href":"https:\/\/wanglianjun.com\/index.php?rest_route=\/wp\/v2\/pages\/79"}],"collection":[{"href":"https:\/\/wanglianjun.com\/index.php?rest_route=\/wp\/v2\/pages"}],"about":[{"href":"https:\/\/wanglianjun.com\/index.php?rest_route=\/wp\/v2\/types\/page"}],"author":[{"embeddable":true,"href":"https:\/\/wanglianjun.com\/index.php?rest_route=\/wp\/v2\/users\/1"}],"replies":[{"embeddable":true,"href":"https:\/\/wanglianjun.com\/index.php?rest_route=%2Fwp%2Fv2%2Fcomments&post=79"}],"version-history":[{"count":72,"href":"https:\/\/wanglianjun.com\/index.php?rest_route=\/wp\/v2\/pages\/79\/revisions"}],"predecessor-version":[{"id":1873,"href":"https:\/\/wanglianjun.com\/index.php?rest_route=\/wp\/v2\/pages\/79\/revisions\/1873"}],"wp:attachment":[{"href":"https:\/\/wanglianjun.com\/index.php?rest_route=%2Fwp%2Fv2%2Fmedia&parent=79"}],"curies":[{"name":"wp","href":"https:\/\/api.w.org\/{rel}","templated":true}]}}